{"id":1086,"date":"2017-03-01T10:06:37","date_gmt":"2017-03-01T09:06:37","guid":{"rendered":"http:\/\/komandor-dresden.de\/?page_id=1086"},"modified":"2017-03-01T10:19:57","modified_gmt":"2017-03-01T09:19:57","slug":"begehbarer-kleiderschrank","status":"publish","type":"page","link":"http:\/\/komandor-dresden.de\/?page_id=1086","title":{"rendered":"Begehbare Kleiderschr\u00e4nke"},"content":{"rendered":"<h3>Begehbarer Kleiderschrank<\/h3>\n<p>In beinahe jedem Raum kann ein begehbarer Kleiderschrank entstehen. Sogar kleinere R\u00e4ume oder ungew\u00f6hnlich geschnittene Raumbereiche eignen sich daf\u00fcr dank des \u201eNach Ma\u00df-Prinzips\u201c von Komandor. Und wer hat gesagt, dass die begehbare Garderobe unbedingt im Schlafzimmer untergebracht werden muss. Heutzutage werden aus Nischen und bislang ungenutzten schwer zug\u00e4nglichen R\u00e4umen, beispielsweise unter der Treppe,\u00a0perfekte Kleiderschr\u00e4nke und Kleiderr\u00e4ume, sogar mit Schiebet\u00fcren.<\/p>\n<section class=\"columns\">\n<article class=\"col col2\">\n<div id=\"rev_slider_6_1_wrapper\" class=\"rev_slider_wrapper fullwidthbanner-container\" data-source=\"gallery\" style=\"margin:0px auto;background-color:transparent;padding:0px;margin-top:0px;margin-bottom:0px;\">\n<!-- START REVOLUTION SLIDER 5.3.1.5 auto mode -->\n\t<div id=\"rev_slider_6_1\" class=\"rev_slider fullwidthabanner\" style=\"display:none;\" data-version=\"5.3.1.5\">\n<ul>\t<!-- SLIDE  -->\n\t<li data-index=\"rs-29\" data-transition=\"fade\" data-slotamount=\"default\" data-hideafterloop=\"0\" data-hideslideonmobile=\"off\"  data-easein=\"default\" data-easeout=\"default\" data-masterspeed=\"300\"  data-rotate=\"0\"  data-saveperformance=\"off\"  data-title=\"Slide\" data-param1=\"\" data-param2=\"\" data-param3=\"\" data-param4=\"\" data-param5=\"\" data-param6=\"\" data-param7=\"\" data-param8=\"\" data-param9=\"\" data-param10=\"\" data-description=\"\">\n\t\t<!-- MAIN IMAGE -->\n\t\t<img loading=\"lazy\" decoding=\"async\" src=\"http:\/\/komandor-dresden.de\/wp-content\/uploads\/2017\/02\/beg_komandor_17_auto_960x580.jpg\"  alt=\"\" title=\"beg_komandor_17_auto_960x580\"  width=\"960\" height=\"740\" data-bgposition=\"center center\" data-bgfit=\"cover\" data-bgrepeat=\"no-repeat\" class=\"rev-slidebg\" data-no-retina>\n\t\t<!-- LAYERS -->\n\t<\/li>\n\t<!-- SLIDE  -->\n\t<li data-index=\"rs-33\" data-transition=\"fade\" data-slotamount=\"default\" data-hideafterloop=\"0\" data-hideslideonmobile=\"off\"  data-easein=\"default\" data-easeout=\"default\" data-masterspeed=\"300\"  data-rotate=\"0\"  data-saveperformance=\"off\"  data-title=\"Slide\" data-param1=\"\" data-param2=\"\" data-param3=\"\" data-param4=\"\" data-param5=\"\" data-param6=\"\" data-param7=\"\" data-param8=\"\" data-param9=\"\" data-param10=\"\" data-description=\"\">\n\t\t<!-- MAIN IMAGE -->\n\t\t<img loading=\"lazy\" decoding=\"async\" src=\"http:\/\/komandor-dresden.de\/wp-content\/uploads\/2017\/02\/beg_kom_pa_21_ga_auto_960x580.jpg\"  alt=\"\" title=\"beg_kom_pa_21_ga_auto_960x580\"  width=\"443\" height=\"580\" data-bgposition=\"center center\" data-bgfit=\"cover\" data-bgrepeat=\"no-repeat\" class=\"rev-slidebg\" data-no-retina>\n\t\t<!-- LAYERS -->\n\t<\/li>\n\t<!-- SLIDE  -->\n\t<li data-index=\"rs-32\" data-transition=\"fade\" data-slotamount=\"default\" data-hideafterloop=\"0\" data-hideslideonmobile=\"off\"  data-easein=\"default\" data-easeout=\"default\" data-masterspeed=\"300\"  data-rotate=\"0\"  data-saveperformance=\"off\"  data-title=\"Slide\" data-param1=\"\" data-param2=\"\" data-param3=\"\" data-param4=\"\" data-param5=\"\" data-param6=\"\" data-param7=\"\" data-param8=\"\" data-param9=\"\" data-param10=\"\" data-description=\"\">\n\t\t<!-- MAIN IMAGE -->\n\t\t<img loading=\"lazy\" decoding=\"async\" src=\"http:\/\/komandor-dresden.de\/wp-content\/uploads\/2017\/01\/innen_csm_akcesoria-chromowane-polki-Komandor_e9d03b3d07.jpg\"  alt=\"\" title=\"innen_csm_akcesoria-chromowane-polki-Komandor_e9d03b3d07\"  width=\"600\" height=\"888\" data-bgposition=\"center center\" data-bgfit=\"cover\" data-bgrepeat=\"no-repeat\" class=\"rev-slidebg\" data-no-retina>\n\t\t<!-- LAYERS -->\n\t<\/li>\n\t<!-- SLIDE  -->\n\t<li data-index=\"rs-31\" data-transition=\"fade\" data-slotamount=\"default\" data-hideafterloop=\"0\" data-hideslideonmobile=\"off\"  data-easein=\"default\" data-easeout=\"default\" data-masterspeed=\"300\"  data-rotate=\"0\"  data-saveperformance=\"off\"  data-title=\"Slide\" data-param1=\"\" data-param2=\"\" data-param3=\"\" data-param4=\"\" data-param5=\"\" data-param6=\"\" data-param7=\"\" data-param8=\"\" data-param9=\"\" data-param10=\"\" data-description=\"\">\n\t\t<!-- MAIN IMAGE -->\n\t\t<img loading=\"lazy\" decoding=\"async\" src=\"http:\/\/komandor-dresden.de\/wp-content\/uploads\/2017\/02\/beg_komandor_08_auto_960x580.jpg\"  alt=\"\" title=\"beg_komandor_08_auto_960x580\"  width=\"960\" height=\"757\" data-bgposition=\"center center\" data-bgfit=\"cover\" data-bgrepeat=\"no-repeat\" class=\"rev-slidebg\" data-no-retina>\n\t\t<!-- LAYERS -->\n\t<\/li>\n\t<!-- SLIDE  -->\n\t<li data-index=\"rs-30\" data-transition=\"fade\" data-slotamount=\"default\" data-hideafterloop=\"0\" data-hideslideonmobile=\"off\"  data-easein=\"default\" data-easeout=\"default\" data-masterspeed=\"300\"  data-rotate=\"0\"  data-saveperformance=\"off\"  data-title=\"Slide\" data-param1=\"\" data-param2=\"\" data-param3=\"\" data-param4=\"\" data-param5=\"\" data-param6=\"\" data-param7=\"\" data-param8=\"\" data-param9=\"\" data-param10=\"\" data-description=\"\">\n\t\t<!-- MAIN IMAGE -->\n\t\t<img loading=\"lazy\" decoding=\"async\" src=\"http:\/\/komandor-dresden.de\/wp-content\/uploads\/2017\/02\/beg_komandor_07_auto_960x580.jpg\"  alt=\"\" title=\"beg_komandor_07_auto_960x580\"  width=\"960\" height=\"671\" data-bgposition=\"center center\" data-bgfit=\"cover\" data-bgrepeat=\"no-repeat\" class=\"rev-slidebg\" data-no-retina>\n\t\t<!-- LAYERS -->\n\t<\/li>\n<\/ul>\n<div class=\"tp-bannertimer\" style=\"height: 2px; background-color: rgba(0, 0, 0, 0.15);\"><\/div>\t<\/div>\n<script>var htmlDiv = document.getElementById(\"rs-plugin-settings-inline-css\"); var htmlDivCss=\"\";\r\n\t\t\t\tif(htmlDiv) {\r\n\t\t\t\t\thtmlDiv.innerHTML = htmlDiv.innerHTML + htmlDivCss;\r\n\t\t\t\t}else{\r\n\t\t\t\t\tvar htmlDiv = document.createElement(\"div\");\r\n\t\t\t\t\thtmlDiv.innerHTML = \"<style>\" + htmlDivCss + \"<\/style>\";\r\n\t\t\t\t\tdocument.getElementsByTagName(\"head\")[0].appendChild(htmlDiv.childNodes[0]);\r\n\t\t\t\t}\r\n\t\t\t<\/script>\n\t\t<script type=\"text\/javascript\">\r\n\t\t\t\t\t\t\/******************************************\r\n\t\t\t\t-\tPREPARE PLACEHOLDER FOR SLIDER\t-\r\n\t\t\t******************************************\/\r\n\r\n\t\t\tvar setREVStartSize=function(){\r\n\t\t\t\ttry{var e=new Object,i=jQuery(window).width(),t=9999,r=0,n=0,l=0,f=0,s=0,h=0;\r\n\t\t\t\t\te.c = jQuery('#rev_slider_6_1');\r\n\t\t\t\t\te.gridwidth = [1240];\r\n\t\t\t\t\te.gridheight = [868];\r\n\t\t\t\t\t\t\t\r\n\t\t\t\t\te.sliderLayout = \"auto\";\r\n\t\t\t\t\tif(e.responsiveLevels&&(jQuery.each(e.responsiveLevels,function(e,f){f>i&&(t=r=f,l=e),i>f&&f>r&&(r=f,n=e)}),t>r&&(l=n)),f=e.gridheight[l]||e.gridheight[0]||e.gridheight,s=e.gridwidth[l]||e.gridwidth[0]||e.gridwidth,h=i\/s,h=h>1?1:h,f=Math.round(h*f),\"fullscreen\"==e.sliderLayout){var u=(e.c.width(),jQuery(window).height());if(void 0!=e.fullScreenOffsetContainer){var c=e.fullScreenOffsetContainer.split(\",\");if (c) jQuery.each(c,function(e,i){u=jQuery(i).length>0?u-jQuery(i).outerHeight(!0):u}),e.fullScreenOffset.split(\"%\").length>1&&void 0!=e.fullScreenOffset&&e.fullScreenOffset.length>0?u-=jQuery(window).height()*parseInt(e.fullScreenOffset,0)\/100:void 0!=e.fullScreenOffset&&e.fullScreenOffset.length>0&&(u-=parseInt(e.fullScreenOffset,0))}f=u}else void 0!=e.minHeight&&f<e.minHeight&&(f=e.minHeight);e.c.closest(\".rev_slider_wrapper\").css({height:f})\r\n\t\t\t\t\t\r\n\t\t\t\t}catch(d){console.log(\"Failure at Presize of Slider:\"+d)}\r\n\t\t\t};\r\n\t\t\t\r\n\t\t\tsetREVStartSize();\r\n\t\t\t\r\n\t\t\t\t\t\tvar tpj=jQuery;\r\n\t\t\t\r\n\t\t\tvar revapi6;\r\n\t\t\ttpj(document).ready(function() {\n\t\t\t\tif(tpj(\"#rev_slider_6_1\").revolution == undefined){\n\t\t\t\t\trevslider_showDoubleJqueryError(\"#rev_slider_6_1\");\n\t\t\t\t}else{\n\t\t\t\t\trevapi6 = tpj(\"#rev_slider_6_1\").show().revolution({\n\t\t\t\t\t\tsliderType:\"standard\",\njsFileLocation:\"\/\/komandor-dresden.de\/wp-content\/plugins\/revslider\/public\/assets\/js\/\",\n\t\t\t\t\t\tsliderLayout:\"auto\",\n\t\t\t\t\t\tdottedOverlay:\"none\",\n\t\t\t\t\t\tdelay:5000,\n\t\t\t\t\t\tnavigation: {\n\t\t\t\t\t\t\tonHoverStop:\"off\",\n\t\t\t\t\t\t},\n\t\t\t\t\t\tvisibilityLevels:[1240,1024,778,480],\n\t\t\t\t\t\tgridwidth:1240,\n\t\t\t\t\t\tgridheight:868,\n\t\t\t\t\t\tlazyType:\"none\",\n\t\t\t\t\t\tshadow:0,\n\t\t\t\t\t\tspinner:\"spinner0\",\n\t\t\t\t\t\tstopLoop:\"off\",\n\t\t\t\t\t\tstopAfterLoops:-1,\n\t\t\t\t\t\tstopAtSlide:-1,\n\t\t\t\t\t\tshuffle:\"off\",\n\t\t\t\t\t\tautoHeight:\"off\",\n\t\t\t\t\t\thideThumbsOnMobile:\"off\",\n\t\t\t\t\t\thideSliderAtLimit:0,\n\t\t\t\t\t\thideCaptionAtLimit:0,\n\t\t\t\t\t\thideAllCaptionAtLilmit:0,\n\t\t\t\t\t\tdebugMode:false,\n\t\t\t\t\t\tfallbacks: {\n\t\t\t\t\t\t\tsimplifyAll:\"off\",\n\t\t\t\t\t\t\tnextSlideOnWindowFocus:\"off\",\n\t\t\t\t\t\t\tdisableFocusListener:false,\n\t\t\t\t\t\t}\n\t\t\t\t\t});\n\t\t\t\t}\n\t\t\t});\t\/*ready*\/\n\t\t<\/script>\r\n\t\t<\/div><!-- END REVOLUTION SLIDER --><\/article>\n<article class=\"col col2\">\n<p>Das Innenleben des Schranks mit all den Stangen und Regalen sind so g\u00e4nzlich versteckt. Das Innenleben k\u00f6nnen wir selbstverst\u00e4ndlich f\u00fcr Ihren Bedarf optimieren, so das zum Beispiel der Staubsauger, B\u00fcgelbrett oder W\u00e4schespinne, genauso wie Ihre Vorr\u00e4te den perfekten Platz darin finden werden. Die T\u00fcr davor kann Ihrem Farb- und Materialkonzept drum herum angepasst werden. Ob Lacobel, Rattan, Bambus oder falls diese Lichtdurchl\u00e4ssig sein sollten, transparente oder semitransparente Gl\u00e4ser \u2013 alles ist m\u00f6glich.<\/p>\n<p>Auch im Badezimmer kann eine begehbare Garderobe untergebracht werden. Daf\u00fcr eignet sich besonders eine Wand -zu-Wand-Bebauung, die vom Stil den \u00fcbrigen Badezimmerm\u00f6bel angepasst werden kann. Besonders T\u00fcren als dekorativen Paneelen k\u00f6nnen das Design des Bad hervorheben.<\/p>\n<p>&nbsp;<\/p><\/article>\n<\/section>\n<p>Bei der Planung des Innenlebens des Schranks, empfehlen wir Abst\u00e4nde von min. 70 cm. F\u00fcr diejenigen, die offene Konstruktionen bevorzugen, empfehlen wir Rohr- und S\u00e4ulensysteme sind flexibel zusammenstellbar, viel Raum bieten und gleichzeitig sehr modern wirken.<br \/>\nDie vernickelten Kleiderstangen k\u00f6nnen optimal f\u00fcr die L\u00e4nge der Kleidung angebracht werden. F\u00fcr die kurzen Sachen k\u00f6nnen zwei Ebenen eingerichtet werden, die optimalerweise im Abstand von 105 cm h\u00e4ngen. F\u00fcr die langen Sachen betr\u00e4gt die Standardh\u00f6he 180 cm. Auch besonders hohe R\u00e4ume k\u00f6nnen bis zur Decke genutzt werden. Hier haben sich praktische Kleiderlifts bew\u00e4hrt, die Ihre Kleidung zur Aufbewahrung m\u00fchelos nach oben hieven und den Zugang auf einer Benutzerfreundlichen H\u00f6he erm\u00f6glichen.<\/p>\n<p>Jeder Schrank kann mit Ausz\u00fcgen f\u00fcr h\u00e4ngende Hosen, Hemden, Krawatten oder G\u00fcrtel erg\u00e4nzt werden. Diese geben einen guten \u00dcberblick und erlauben eine schonende Aufbewahrung.<\/p>\n<p>Wir verschenken keinen Raum im Schrank. Je nach dem, was in ihm untergebracht werden soll, bieten sich kurze oder lange Regale und auch die Abst\u00e4nde zwischen ihnen werden passgenau definiert. Ganz oben im Schrank wird oft ein breites Regal f\u00fcr sperrige, selten genutzte Gegenst\u00e4nde, wie Koffer und Reisetaschen oder Kissen und Bettdecken f\u00fcr den \u00dcbernachtungsgast vorgesehen. Unterw\u00e4sche, Socken und kleinere Gegenst\u00e4nde passen am besten in Schubk\u00e4sten aus M\u00f6belplatte, die standardm\u00e4\u00dfig 50 cm breit und 12 cm hoch sind, bei uns jedoch auch andere Ma\u00dfe, nach Bedarf haben k\u00f6nnen.<\/p>\n<p>Manchmal gew\u00fcnschte ausziehbare K\u00f6rbe und ausziehbare Regale bieten den \u00dcberblick und erlauben besonders gute Luftzirkulation im Schrank.<\/p>\n<p>Auch f\u00fcr Schuhe gibt es mehrere L\u00f6sungen, Ausziehbare Schuhk\u00f6rbe oder Gitterregale gew\u00e4hrleisten einen optimalen \u00dcberblick, einen leichten Zugang und gute Luftzirkulation.<\/p>\n<p>Die begehbaren Kleidersch\u00e4nke k\u00f6nnen je nach Raumform und -gr\u00f6\u00dfe eine U- oder LForm haben. Oft werden innerhalb des Schranks Bereiche f\u00fcr Sie und Ihn definiert, die die Gr\u00f6\u00dfe der Nutzer, sowie die unterschiedliche Kleidungssorten ber\u00fccksichtigen. In gleichem Design, aus gleichen Materialien werden eigene Bereiche individuell geplant.<\/p>\n<p><strong>Weiterf\u00fchrende Links:<br \/>\n<\/strong><a href=\"http:\/\/komandor-dresden.de\/produkte\/schrankinnensysteme\/\">Schrankinnensysteme und Schubladen<\/a><br \/>\n<a href=\"http:\/\/komandor-dresden.de\/produkte\/dekore-2\/\">T\u00fcrfronten\u00a0I<\/a><br \/>\n<a href=\"http:\/\/komandor-dresden.de\/produkte\/dekore-ii\/\">T\u00fcrfronten II<\/a><br \/>\n<a href=\"http:\/\/komandor-dresden.de\/produkte\/profile\/\">Profilsysteme<\/a><\/p>\n","protected":false},"excerpt":{"rendered":"<p>Begehbarer Kleiderschrank In beinahe jedem Raum kann ein begehbarer Kleiderschrank entstehen. Sogar kleinere R\u00e4ume oder ungew\u00f6hnlich geschnittene Raumbereiche eignen sich daf\u00fcr dank des \u201eNach Ma\u00df-Prinzips\u201c von Komandor. Und wer hat gesagt, dass die begehbare Garderobe unbedingt im Schlafzimmer untergebracht werden muss. Heutzutage werden aus Nischen und bislang ungenutzten schwer zug\u00e4nglichen R\u00e4umen, beispielsweise unter der Treppe,\u00a0perfekte [&hellip;]<\/p>\n","protected":false},"author":1,"featured_media":0,"parent":33,"menu_order":0,"comment_status":"closed","ping_status":"closed","template":"","meta":{"footnotes":""},"class_list":["post-1086","page","type-page","status-publish","hentry"],"_links":{"self":[{"href":"http:\/\/komandor-dresden.de\/index.php?rest_route=\/wp\/v2\/pages\/1086","targetHints":{"allow":["GET"]}}],"collection":[{"href":"http:\/\/komandor-dresden.de\/index.php?rest_route=\/wp\/v2\/pages"}],"about":[{"href":"http:\/\/komandor-dresden.de\/index.php?rest_route=\/wp\/v2\/types\/page"}],"author":[{"embeddable":true,"href":"http:\/\/komandor-dresden.de\/index.php?rest_route=\/wp\/v2\/users\/1"}],"replies":[{"embeddable":true,"href":"http:\/\/komandor-dresden.de\/index.php?rest_route=%2Fwp%2Fv2%2Fcomments&post=1086"}],"version-history":[{"count":5,"href":"http:\/\/komandor-dresden.de\/index.php?rest_route=\/wp\/v2\/pages\/1086\/revisions"}],"predecessor-version":[{"id":1093,"href":"http:\/\/komandor-dresden.de\/index.php?rest_route=\/wp\/v2\/pages\/1086\/revisions\/1093"}],"up":[{"embeddable":true,"href":"http:\/\/komandor-dresden.de\/index.php?rest_route=\/wp\/v2\/pages\/33"}],"wp:attachment":[{"href":"http:\/\/komandor-dresden.de\/index.php?rest_route=%2Fwp%2Fv2%2Fmedia&parent=1086"}],"curies":[{"name":"wp","href":"https:\/\/api.w.org\/{rel}","templated":true}]}}