{"id":164,"date":"2017-01-20T16:07:06","date_gmt":"2017-01-20T15:07:06","guid":{"rendered":"http:\/\/komandor-dresden.de\/?page_id=164"},"modified":"2023-06-20T10:56:00","modified_gmt":"2023-06-20T08:56:00","slug":"impressum","status":"publish","type":"page","link":"http:\/\/komandor-dresden.de\/?page_id=164","title":{"rendered":"Impressum"},"content":{"rendered":"<h1>Impressum<\/h1>\n<p><strong>Komandor Dresden GmbH<\/strong><br \/>\nMaxstra\u00dfe 8<br \/>\n01067 Dresden<br \/>\nDeutschland<\/p>\n<p>Vertreten durch:<br \/>\nGesch\u00e4ftsf\u00fchrer: Fryderyk Wypior<\/p>\n<p>Kontakt:<br \/>\ne-Mail : <a href=\"mailto:info@komandor-dresden.de\">info@komandor-dresden.de<\/a><br \/>\nTel. : 0351 &#8211; 482 11 35<\/p>\n<p>USt-ID:<br \/>\nDE263814237<\/p>\n<p>Gerichtsstand:<br \/>\nAmtsgericht Dresden HRB 27398<\/p>\n<p>Alle Rechte vorbehalten. Kein Teil dieser Webseite (Bilder, Texte und Photos befinden sich im Besitz von KOMANDOR S.A) darf ohne schriftliche Genehmigung von KOMANDOR S.A vervielf\u00e4ltigt oder verbreitet werden. Unter dieses Verbot f\u00e4llt insbesondere die gewerbliche Vervielf\u00e4ltigung per Ausdruck und Kopie, die Aufnahme in elektronische Datenbanken und die Vervielf\u00e4ltigung auf CD-ROM, im Internet und allen anderen elektronischen Datentr\u00e4gern.<\/p>\n","protected":false},"excerpt":{"rendered":"<p>Impressum Komandor Dresden GmbH Maxstra\u00dfe 8 01067 Dresden Deutschland Vertreten durch: Gesch\u00e4ftsf\u00fchrer: Fryderyk Wypior Kontakt: e-Mail : info@komandor-dresden.de Tel. : 0351 &#8211; 482 11 35 USt-ID: DE263814237 Gerichtsstand: Amtsgericht Dresden HRB 27398 Alle Rechte vorbehalten. Kein Teil dieser Webseite (Bilder, Texte und Photos befinden sich im Besitz von KOMANDOR S.A) darf ohne schriftliche Genehmigung von [&hellip;]<\/p>\n","protected":false},"author":1,"featured_media":0,"parent":0,"menu_order":0,"comment_status":"closed","ping_status":"closed","template":"","meta":{"footnotes":""},"class_list":["post-164","page","type-page","status-publish","hentry"],"_links":{"self":[{"href":"http:\/\/komandor-dresden.de\/index.php?rest_route=\/wp\/v2\/pages\/164","targetHints":{"allow":["GET"]}}],"collection":[{"href":"http:\/\/komandor-dresden.de\/index.php?rest_route=\/wp\/v2\/pages"}],"about":[{"href":"http:\/\/komandor-dresden.de\/index.php?rest_route=\/wp\/v2\/types\/page"}],"author":[{"embeddable":true,"href":"http:\/\/komandor-dresden.de\/index.php?rest_route=\/wp\/v2\/users\/1"}],"replies":[{"embeddable":true,"href":"http:\/\/komandor-dresden.de\/index.php?rest_route=%2Fwp%2Fv2%2Fcomments&post=164"}],"version-history":[{"count":9,"href":"http:\/\/komandor-dresden.de\/index.php?rest_route=\/wp\/v2\/pages\/164\/revisions"}],"predecessor-version":[{"id":1160,"href":"http:\/\/komandor-dresden.de\/index.php?rest_route=\/wp\/v2\/pages\/164\/revisions\/1160"}],"wp:attachment":[{"href":"http:\/\/komandor-dresden.de\/index.php?rest_route=%2Fwp%2Fv2%2Fmedia&parent=164"}],"curies":[{"name":"wp","href":"https:\/\/api.w.org\/{rel}","templated":true}]}}