{"id":48,"date":"2017-01-20T13:59:54","date_gmt":"2017-01-20T12:59:54","guid":{"rendered":"http:\/\/komandor-dresden.de\/?page_id=48"},"modified":"2017-03-01T10:00:36","modified_gmt":"2017-03-01T09:00:36","slug":"schiebetueren","status":"publish","type":"page","link":"http:\/\/komandor-dresden.de\/?page_id=48","title":{"rendered":"Schiebet\u00fcren"},"content":{"rendered":"<h3>Schiebet\u00fcren<\/h3>\n<p>Unsere Profil- und Farbvielfalt erlaubt uns die Schiebet\u00fcren Ihrem Farbkonzept zu Hause perfekt anzupassen.<\/p>\n<section class=\"columns\">\n<article class=\"col col2\">\n<div id=\"rev_slider_2_1_wrapper\" class=\"rev_slider_wrapper fullwidthbanner-container\" data-source=\"gallery\" style=\"margin:0px auto;background-color:transparent;padding:0px;margin-top:0px;margin-bottom:0px;\">\n<!-- START REVOLUTION SLIDER 5.3.1.5 auto mode -->\n\t<div id=\"rev_slider_2_1\" class=\"rev_slider fullwidthabanner\" style=\"display:none;\" data-version=\"5.3.1.5\">\n<ul>\t<!-- SLIDE  -->\n\t<li data-index=\"rs-10\" data-transition=\"fade\" data-slotamount=\"default\" data-hideafterloop=\"0\" data-hideslideonmobile=\"off\"  data-easein=\"default\" data-easeout=\"default\" data-masterspeed=\"300\"  data-thumb=\"http:\/\/komandor-dresden.de\/wp-content\/uploads\/2017\/02\/st_gold_salon_ujecie_02_rgb_8417_auto_960x580-100x50.jpg\"  data-rotate=\"0\"  data-saveperformance=\"off\"  data-title=\"Slide\" data-param1=\"\" data-param2=\"\" data-param3=\"\" data-param4=\"\" data-param5=\"\" data-param6=\"\" data-param7=\"\" data-param8=\"\" data-param9=\"\" data-param10=\"\" data-description=\"\">\n\t\t<!-- MAIN IMAGE -->\n\t\t<img loading=\"lazy\" decoding=\"async\" src=\"http:\/\/komandor-dresden.de\/wp-content\/uploads\/2017\/02\/st_gold_salon_ujecie_02_rgb_8417_auto_960x580.jpg\"  alt=\"\" title=\"st_gold_salon_ujecie_02_rgb_8417_auto_960x580\"  width=\"800\" height=\"450\" data-bgposition=\"center center\" data-bgfit=\"cover\" data-bgrepeat=\"no-repeat\" class=\"rev-slidebg\" data-no-retina>\n\t\t<!-- LAYERS -->\n\t<\/li>\n\t<!-- SLIDE  -->\n\t<li data-index=\"rs-11\" data-transition=\"fade\" data-slotamount=\"default\" data-hideafterloop=\"0\" data-hideslideonmobile=\"off\"  data-easein=\"default\" data-easeout=\"default\" data-masterspeed=\"300\"  data-thumb=\"http:\/\/komandor-dresden.de\/wp-content\/uploads\/2017\/02\/st_aranz_3712_auto_960x580-100x50.jpg\"  data-rotate=\"0\"  data-saveperformance=\"off\"  data-title=\"Slide\" data-param1=\"\" data-param2=\"\" data-param3=\"\" data-param4=\"\" data-param5=\"\" data-param6=\"\" data-param7=\"\" data-param8=\"\" data-param9=\"\" data-param10=\"\" data-description=\"\">\n\t\t<!-- MAIN IMAGE -->\n\t\t<img loading=\"lazy\" decoding=\"async\" src=\"http:\/\/komandor-dresden.de\/wp-content\/uploads\/2017\/02\/st_aranz_3712_auto_960x580.jpg\"  alt=\"\" title=\"st_aranz_3712_auto_960x580\"  width=\"960\" height=\"598\" data-bgposition=\"center center\" data-bgfit=\"cover\" data-bgrepeat=\"no-repeat\" class=\"rev-slidebg\" data-no-retina>\n\t\t<!-- LAYERS -->\n\t<\/li>\n\t<!-- SLIDE  -->\n\t<li data-index=\"rs-12\" data-transition=\"fade\" data-slotamount=\"default\" data-hideafterloop=\"0\" data-hideslideonmobile=\"off\"  data-easein=\"default\" data-easeout=\"default\" data-masterspeed=\"300\"  data-thumb=\"http:\/\/komandor-dresden.de\/wp-content\/uploads\/2017\/02\/st_panorama_8879_auto_960x580-100x50.jpg\"  data-rotate=\"0\"  data-saveperformance=\"off\"  data-title=\"Slide\" data-param1=\"\" data-param2=\"\" data-param3=\"\" data-param4=\"\" data-param5=\"\" data-param6=\"\" data-param7=\"\" data-param8=\"\" data-param9=\"\" data-param10=\"\" data-description=\"\">\n\t\t<!-- MAIN IMAGE -->\n\t\t<img loading=\"lazy\" decoding=\"async\" src=\"http:\/\/komandor-dresden.de\/wp-content\/uploads\/2017\/02\/st_panorama_8879_auto_960x580.jpg\"  alt=\"\" title=\"st_panorama_8879_auto_960x580\"  width=\"960\" height=\"601\" data-bgposition=\"center center\" data-bgfit=\"cover\" data-bgrepeat=\"no-repeat\" class=\"rev-slidebg\" data-no-retina>\n\t\t<!-- LAYERS -->\n\t<\/li>\n\t<!-- SLIDE  -->\n\t<li data-index=\"rs-13\" data-transition=\"fade\" data-slotamount=\"default\" data-hideafterloop=\"0\" data-hideslideonmobile=\"off\"  data-easein=\"default\" data-easeout=\"default\" data-masterspeed=\"300\"  data-thumb=\"http:\/\/komandor-dresden.de\/wp-content\/uploads\/2017\/02\/st_panorama_5364_auto_960x580-100x50.jpg\"  data-rotate=\"0\"  data-saveperformance=\"off\"  data-title=\"Slide\" data-param1=\"\" data-param2=\"\" data-param3=\"\" data-param4=\"\" data-param5=\"\" data-param6=\"\" data-param7=\"\" data-param8=\"\" data-param9=\"\" data-param10=\"\" data-description=\"\">\n\t\t<!-- MAIN IMAGE -->\n\t\t<img loading=\"lazy\" decoding=\"async\" src=\"http:\/\/komandor-dresden.de\/wp-content\/uploads\/2017\/02\/st_panorama_5364_auto_960x580.jpg\"  alt=\"\" title=\"st_panorama_5364_auto_960x580\"  width=\"960\" height=\"712\" data-bgposition=\"center center\" data-bgfit=\"cover\" data-bgrepeat=\"no-repeat\" class=\"rev-slidebg\" data-no-retina>\n\t\t<!-- LAYERS -->\n\t<\/li>\n<\/ul>\n<script>var htmlDiv = document.getElementById(\"rs-plugin-settings-inline-css\"); var htmlDivCss=\"\";\r\n\t\t\t\t\t\tif(htmlDiv) {\r\n\t\t\t\t\t\t\thtmlDiv.innerHTML = htmlDiv.innerHTML + htmlDivCss;\r\n\t\t\t\t\t\t}else{\r\n\t\t\t\t\t\t\tvar htmlDiv = document.createElement(\"div\");\r\n\t\t\t\t\t\t\thtmlDiv.innerHTML = \"<style>\" + htmlDivCss + \"<\/style>\";\r\n\t\t\t\t\t\t\tdocument.getElementsByTagName(\"head\")[0].appendChild(htmlDiv.childNodes[0]);\r\n\t\t\t\t\t\t}\r\n\t\t\t\t\t<\/script>\n<div class=\"tp-bannertimer\" style=\"height: 2px; background-color: rgba(0, 0, 0, 0.15);\"><\/div>\t<\/div>\n<script>var htmlDiv = document.getElementById(\"rs-plugin-settings-inline-css\"); var htmlDivCss=\"\";\r\n\t\t\t\tif(htmlDiv) {\r\n\t\t\t\t\thtmlDiv.innerHTML = htmlDiv.innerHTML + htmlDivCss;\r\n\t\t\t\t}else{\r\n\t\t\t\t\tvar htmlDiv = document.createElement(\"div\");\r\n\t\t\t\t\thtmlDiv.innerHTML = \"<style>\" + htmlDivCss + \"<\/style>\";\r\n\t\t\t\t\tdocument.getElementsByTagName(\"head\")[0].appendChild(htmlDiv.childNodes[0]);\r\n\t\t\t\t}\r\n\t\t\t<\/script>\n\t\t<script type=\"text\/javascript\">\r\n\t\t\t\t\t\t\/******************************************\r\n\t\t\t\t-\tPREPARE PLACEHOLDER FOR SLIDER\t-\r\n\t\t\t******************************************\/\r\n\r\n\t\t\tvar setREVStartSize=function(){\r\n\t\t\t\ttry{var e=new Object,i=jQuery(window).width(),t=9999,r=0,n=0,l=0,f=0,s=0,h=0;\r\n\t\t\t\t\te.c = jQuery('#rev_slider_2_1');\r\n\t\t\t\t\te.gridwidth = [1240];\r\n\t\t\t\t\te.gridheight = [868];\r\n\t\t\t\t\t\t\t\r\n\t\t\t\t\te.sliderLayout = \"auto\";\r\n\t\t\t\t\tif(e.responsiveLevels&&(jQuery.each(e.responsiveLevels,function(e,f){f>i&&(t=r=f,l=e),i>f&&f>r&&(r=f,n=e)}),t>r&&(l=n)),f=e.gridheight[l]||e.gridheight[0]||e.gridheight,s=e.gridwidth[l]||e.gridwidth[0]||e.gridwidth,h=i\/s,h=h>1?1:h,f=Math.round(h*f),\"fullscreen\"==e.sliderLayout){var u=(e.c.width(),jQuery(window).height());if(void 0!=e.fullScreenOffsetContainer){var c=e.fullScreenOffsetContainer.split(\",\");if (c) jQuery.each(c,function(e,i){u=jQuery(i).length>0?u-jQuery(i).outerHeight(!0):u}),e.fullScreenOffset.split(\"%\").length>1&&void 0!=e.fullScreenOffset&&e.fullScreenOffset.length>0?u-=jQuery(window).height()*parseInt(e.fullScreenOffset,0)\/100:void 0!=e.fullScreenOffset&&e.fullScreenOffset.length>0&&(u-=parseInt(e.fullScreenOffset,0))}f=u}else void 0!=e.minHeight&&f<e.minHeight&&(f=e.minHeight);e.c.closest(\".rev_slider_wrapper\").css({height:f})\r\n\t\t\t\t\t\r\n\t\t\t\t}catch(d){console.log(\"Failure at Presize of Slider:\"+d)}\r\n\t\t\t};\r\n\t\t\t\r\n\t\t\tsetREVStartSize();\r\n\t\t\t\r\n\t\t\t\t\t\tvar tpj=jQuery;\r\n\t\t\t\r\n\t\t\tvar revapi2;\r\n\t\t\ttpj(document).ready(function() {\n\t\t\t\tif(tpj(\"#rev_slider_2_1\").revolution == undefined){\n\t\t\t\t\trevslider_showDoubleJqueryError(\"#rev_slider_2_1\");\n\t\t\t\t}else{\n\t\t\t\t\trevapi2 = tpj(\"#rev_slider_2_1\").show().revolution({\n\t\t\t\t\t\tsliderType:\"standard\",\njsFileLocation:\"\/\/komandor-dresden.de\/wp-content\/plugins\/revslider\/public\/assets\/js\/\",\n\t\t\t\t\t\tsliderLayout:\"auto\",\n\t\t\t\t\t\tdottedOverlay:\"none\",\n\t\t\t\t\t\tdelay:5000,\n\t\t\t\t\t\tnavigation: {\n\t\t\t\t\t\t\tkeyboardNavigation:\"off\",\n\t\t\t\t\t\t\tkeyboard_direction: \"horizontal\",\n\t\t\t\t\t\t\tmouseScrollNavigation:\"off\",\n \t\t\t\t\t\t\tmouseScrollReverse:\"default\",\n\t\t\t\t\t\t\tonHoverStop:\"off\",\n\t\t\t\t\t\t\tbullets: {\n\t\t\t\t\t\t\t\tenable:true,\n\t\t\t\t\t\t\t\thide_onmobile:false,\n\t\t\t\t\t\t\t\tstyle:\"hesperiden\",\n\t\t\t\t\t\t\t\thide_onleave:false,\n\t\t\t\t\t\t\t\tdirection:\"horizontal\",\n\t\t\t\t\t\t\t\th_align:\"center\",\n\t\t\t\t\t\t\t\tv_align:\"bottom\",\n\t\t\t\t\t\t\t\th_offset:0,\n\t\t\t\t\t\t\t\tv_offset:20,\n\t\t\t\t\t\t\t\tspace:5,\n\t\t\t\t\t\t\t\ttmp:''\n\t\t\t\t\t\t\t}\n\t\t\t\t\t\t},\n\t\t\t\t\t\tvisibilityLevels:[1240,1024,778,480],\n\t\t\t\t\t\tgridwidth:1240,\n\t\t\t\t\t\tgridheight:868,\n\t\t\t\t\t\tlazyType:\"none\",\n\t\t\t\t\t\tshadow:0,\n\t\t\t\t\t\tspinner:\"spinner0\",\n\t\t\t\t\t\tstopLoop:\"off\",\n\t\t\t\t\t\tstopAfterLoops:-1,\n\t\t\t\t\t\tstopAtSlide:-1,\n\t\t\t\t\t\tshuffle:\"off\",\n\t\t\t\t\t\tautoHeight:\"off\",\n\t\t\t\t\t\thideThumbsOnMobile:\"off\",\n\t\t\t\t\t\thideSliderAtLimit:0,\n\t\t\t\t\t\thideCaptionAtLimit:0,\n\t\t\t\t\t\thideAllCaptionAtLilmit:0,\n\t\t\t\t\t\tdebugMode:false,\n\t\t\t\t\t\tfallbacks: {\n\t\t\t\t\t\t\tsimplifyAll:\"off\",\n\t\t\t\t\t\t\tnextSlideOnWindowFocus:\"off\",\n\t\t\t\t\t\t\tdisableFocusListener:false,\n\t\t\t\t\t\t}\n\t\t\t\t\t});\n\t\t\t\t}\n\t\t\t});\t\/*ready*\/\n\t\t<\/script>\r\n\t\t<script>\r\n\t\t\t\t\tvar htmlDivCss = unescape(\".hesperiden.tp-bullets%20%7B%0A%7D%0A.hesperiden.tp-bullets%3Abefore%20%7B%0A%09content%3A%22%20%22%3B%0A%09position%3Aabsolute%3B%0A%09width%3A100%25%3B%0A%09height%3A100%25%3B%0A%09background%3Atransparent%3B%0A%09padding%3A10px%3B%0A%09margin-left%3A-10px%3Bmargin-top%3A-10px%3B%0A%09box-sizing%3Acontent-box%3B%0A%20%20%20border-radius%3A8px%3B%0A%20%20%0A%7D%0A.hesperiden%20.tp-bullet%20%7B%0A%09width%3A12px%3B%0A%09height%3A12px%3B%0A%09position%3Aabsolute%3B%0A%09background%3A%20rgb%28153%2C%20153%2C%20153%29%3B%20%2F%2A%20old%20browsers%20%2A%2F%0A%20%20%20%20background%3A%20-moz-linear-gradient%28top%2C%20%20rgb%28153%2C%20153%2C%20153%29%200%25%2C%20rgb%28225%2C%20225%2C%20225%29%20100%25%29%3B%20%2F%2A%20ff3.6%2B%20%2A%2F%0A%20%20%20%20background%3A%20-webkit-linear-gradient%28top%2C%20%20rgb%28153%2C%20153%2C%20153%29%200%25%2Crgb%28225%2C%20225%2C%20225%29%20100%25%29%3B%20%2F%2A%20chrome10%2B%2Csafari5.1%2B%20%2A%2F%0A%20%20%20%20background%3A%20-o-linear-gradient%28top%2C%20%20rgb%28153%2C%20153%2C%20153%29%200%25%2Crgb%28225%2C%20225%2C%20225%29%20100%25%29%3B%20%2F%2A%20opera%2011.10%2B%20%2A%2F%0A%20%20%20%20background%3A%20-ms-linear-gradient%28top%2C%20%20rgb%28153%2C%20153%2C%20153%29%200%25%2Crgb%28225%2C%20225%2C%20225%29%20100%25%29%3B%20%2F%2A%20ie10%2B%20%2A%2F%0A%20%20%20%20background%3A%20linear-gradient%28to%20bottom%2C%20%20rgb%28153%2C%20153%2C%20153%29%200%25%2Crgb%28225%2C%20225%2C%20225%29%20100%25%29%3B%20%2F%2A%20w3c%20%2A%2F%0A%20%20%20%20filter%3A%20progid%3Adximagetransform.microsoft.gradient%28%20%0A%20%20%20%20startcolorstr%3D%22rgb%28153%2C%20153%2C%20153%29%22%2C%20endcolorstr%3D%22rgb%28225%2C%20225%2C%20225%29%22%2Cgradienttype%3D0%20%29%3B%20%2F%2A%20ie6-9%20%2A%2F%0A%09border%3A3px%20solid%20rgb%28229%2C%20229%2C%20229%29%3B%0A%09border-radius%3A50%25%3B%0A%09cursor%3A%20pointer%3B%0A%09box-sizing%3Acontent-box%3B%0A%7D%0A.hesperiden%20.tp-bullet%3Ahover%2C%0A.hesperiden%20.tp-bullet.selected%20%7B%0A%09background%3Argb%28102%2C%20102%2C%20102%29%3B%0A%7D%0A.hesperiden%20.tp-bullet-image%20%7B%0A%7D%0A.hesperiden%20.tp-bullet-title%20%7B%0A%7D%0A%0A\");\r\n\t\t\t\t\tvar htmlDiv = document.getElementById('rs-plugin-settings-inline-css');\r\n\t\t\t\t\tif(htmlDiv) {\r\n\t\t\t\t\t\thtmlDiv.innerHTML = htmlDiv.innerHTML + htmlDivCss;\r\n\t\t\t\t\t}\r\n\t\t\t\t\telse{\r\n\t\t\t\t\t\tvar htmlDiv = document.createElement('div');\r\n\t\t\t\t\t\thtmlDiv.innerHTML = '<style>' + htmlDivCss + '<\/style>';\r\n\t\t\t\t\t\tdocument.getElementsByTagName('head')[0].appendChild(htmlDiv.childNodes[0]);\r\n\t\t\t\t\t}\r\n\t\t\t\t  <\/script>\r\n\t\t\t\t<\/div><!-- END REVOLUTION SLIDER --><\/article>\n<article class=\"col col2\">Die T\u00fcren k\u00f6nnen entweder mit M\u00f6belplatte, Acryl, Spiegel oder lackiertem Glas gef\u00fcllt werden und mit Soft-Close-Mechanismus ausgestattet. Unser Lazuryt-System erlaubt uns auch eine Eckverbindung ohne Mittels\u00e4ule f\u00fcr einen bequemen Zugang in die Ecke des Schranks. Die T\u00fcren werden dabei magnetisch gehalten.<br \/>\nAlle unsere T\u00fcren gleiten auf Rollen zwischen der oberen und unteren F\u00fchrung und sind mit einem Mechanismus ausgestattet, der das Rausspringen aus der Schiene verhindert.<\/article>\n<\/section>\n<p>Ob mit einem Schrank, einem Raum oder einer Nische dahinter \u2013 Schiebet\u00fcren sind immer eine elegante Rauml\u00f6sung. W\u00e4hlen Sie zwischen verschiedenen Profilsystemen und Materialien f\u00fcr die T\u00fcrfronten.<\/p>\n<p><strong>Komandor bietet zwei Systeme an die alle T\u00fcrprofile angepasst sind:<\/strong><\/p>\n<p><strong>Stahlsysteme<\/strong> \u2013 von h\u00f6chster Fertigungsqualit\u00e4t. Stahlb\u00e4nder werden speziell vorbereitet und gepresst in die vordefinierte Formen. Die Rahmen und Schienen sind ringsum zuerst mit einer Zinklegierung korosionsgesch\u00fctzt, dann grundiert und zum Schluss lackiert. Der Lackierung verdanken die Elemente das exklusive Erscheinungsbild.<br \/>\nDer aufwendige Beschichtungsprozess schlie\u00dft das Brechen oder Absplittern des Lacks w\u00e4hrend des mechanischen Produktionsprozesses aus. Die letzte Lackschicht kann je nach Farbe zus\u00e4tzlich mit Polyester oder Polyvinylchloridschicht ummantelt werden.<\/p>\n<p><strong>Aluminiumsysteme<\/strong>\u00a0zeichnen sich dadurch aus, dass der Schiebesystem in dem Rahmen drin versteckt ist, so dass weder die Rollen, noch die F\u00fchrungsschienen zu sehen sind. Die Rahmen und Schienen werden aus Aluminiumlegierung gemacht und mit einer braunen, wei\u00dfen oder schwarzen Polyesterschicht ummantelt bevor sie dann verzinkt werden. Die verf\u00fcgbaren Ausf\u00fchrungen sind: Eloxiert Natur, Eloxiert Gold, Eloxiert Champagne, sowie PVC ummantelt in verschiedenen Holzfarben und Maserungen.<\/p>\n<p><strong>Die wichtigsten Elemente des Systems:<\/strong><\/p>\n<p>Profile (bezeichnet auch als Rahmen) sind senkrechte Elemente des T\u00fcrrahmens, die auch als T\u00fcrgriffe verwendet werden k\u00f6nnen. Diese bieten wir in einer gro\u00dfen Auswahl bez\u00fcglich des Form, der Farbe und der Breite.<\/p>\n<p>Schiebeelemente (Laufrollen und F\u00fchrungselemente): Das ganze Gewicht der T\u00fcren ruht auf den Laufrollen. Daher ist es essenziell, dass diese sehr stabil und belastungsf\u00e4hig sind. Gleichzeitig sind sie Leichtg\u00e4ngig und leise dank Kugellager und Graphit Beschichtung.<br \/>\nSpezielle Bolzen erlauben das ideale Anpassen der T\u00fcren sogar an schiefe W\u00e4nde.<\/p>\n<p>Auf alle Schiebesysteme gibt Komandor eine 5 j\u00e4hrige Garantie. Technologische Tests haben sogar eine 15 j\u00e4hrige Zuverl\u00e4ssigkeit best\u00e4tigt.<br \/>\nDie obere F\u00fchrungsschiene fungiert als Bindeglied mit den T\u00fcrbeschl\u00e4gen, die als zwei unabh\u00e4ngig rollende R\u00e4der die T\u00fcren senkrecht halten und gleichzeitig die Geschmeidigkeit ihres Gleitens gew\u00e4hrleisten.<\/p>\n<p><strong>Zusatzelemente:<\/strong><\/p>\n<p>Die Anschlagpuffer minimieren das knallen der T\u00fcre gegen die W\u00e4nde.<br \/>\nDie Dichtungsb\u00fcrsten, lang- oder kurz-borstig verhindern das Verstauben.<br \/>\nDie Gaseinzugsd\u00e4mpfer bremsen die T\u00fcren und lassen sie sanft schlie\u00dfen.<br \/>\nUnsere Schiebet\u00fcreinsysteme sind mit Sto\u00dfd\u00e4mpfer ausgestattet, die das Einklemmen von H\u00e4nden und Fingern verhindern, wodurch sie sich auch f\u00fcr Kinderzimmer gut eignen.<\/p>\n<p><strong>Weiterf\u00fchrende Links:<br \/>\n<\/strong><a href=\"http:\/\/komandor-dresden.de\/produkte\/dekore-2\/\">T\u00fcrfronten\u00a0I<\/a><br \/>\n<a href=\"http:\/\/komandor-dresden.de\/produkte\/dekore-ii\/\">T\u00fcrfronten II<\/a><br \/>\n<a href=\"http:\/\/komandor-dresden.de\/produkte\/profile\/\">Profilsysteme<\/a><\/p>\n","protected":false},"excerpt":{"rendered":"<p>Schiebet\u00fcren Unsere Profil- und Farbvielfalt erlaubt uns die Schiebet\u00fcren Ihrem Farbkonzept zu Hause perfekt anzupassen. Ob mit einem Schrank, einem Raum oder einer Nische dahinter \u2013 Schiebet\u00fcren sind immer eine elegante Rauml\u00f6sung. W\u00e4hlen Sie zwischen verschiedenen Profilsystemen und Materialien f\u00fcr die T\u00fcrfronten. Komandor bietet zwei Systeme an die alle T\u00fcrprofile angepasst sind: Stahlsysteme \u2013 von [&hellip;]<\/p>\n","protected":false},"author":1,"featured_media":0,"parent":33,"menu_order":0,"comment_status":"closed","ping_status":"closed","template":"","meta":{"footnotes":""},"class_list":["post-48","page","type-page","status-publish","hentry"],"_links":{"self":[{"href":"http:\/\/komandor-dresden.de\/index.php?rest_route=\/wp\/v2\/pages\/48","targetHints":{"allow":["GET"]}}],"collection":[{"href":"http:\/\/komandor-dresden.de\/index.php?rest_route=\/wp\/v2\/pages"}],"about":[{"href":"http:\/\/komandor-dresden.de\/index.php?rest_route=\/wp\/v2\/types\/page"}],"author":[{"embeddable":true,"href":"http:\/\/komandor-dresden.de\/index.php?rest_route=\/wp\/v2\/users\/1"}],"replies":[{"embeddable":true,"href":"http:\/\/komandor-dresden.de\/index.php?rest_route=%2Fwp%2Fv2%2Fcomments&post=48"}],"version-history":[{"count":10,"href":"http:\/\/komandor-dresden.de\/index.php?rest_route=\/wp\/v2\/pages\/48\/revisions"}],"predecessor-version":[{"id":1084,"href":"http:\/\/komandor-dresden.de\/index.php?rest_route=\/wp\/v2\/pages\/48\/revisions\/1084"}],"up":[{"embeddable":true,"href":"http:\/\/komandor-dresden.de\/index.php?rest_route=\/wp\/v2\/pages\/33"}],"wp:attachment":[{"href":"http:\/\/komandor-dresden.de\/index.php?rest_route=%2Fwp%2Fv2%2Fmedia&parent=48"}],"curies":[{"name":"wp","href":"https:\/\/api.w.org\/{rel}","templated":true}]}}