{"id":70,"date":"2017-01-20T14:06:07","date_gmt":"2017-01-20T13:06:07","guid":{"rendered":"http:\/\/komandor-dresden.de\/?page_id=70"},"modified":"2017-03-01T10:00:07","modified_gmt":"2017-03-01T09:00:07","slug":"eckloesungen","status":"publish","type":"page","link":"http:\/\/komandor-dresden.de\/?page_id=70","title":{"rendered":"Eckl\u00f6sungen"},"content":{"rendered":"<h3>Eckl\u00f6sungen<\/h3>\n<p>Sie m\u00f6chten mit einem Raum-im-Raum-Konzept Ihren Raum neu definieren. Daf\u00fcr bieten wir zwei L\u00f6sungen.<\/p>\n<section class=\"columns\"><article class=\"col col2\">Zum einen mit T\u00fcren nach Au\u00dfen:<br \/>\n<img loading=\"lazy\" decoding=\"async\" src=\"http:\/\/www.komandor-hemer.de\/tl_files\/images\/ecktueren_aussen.jpg\" alt=\"\" width=\"450\" height=\"200\" \/><\/article>\n<article class=\"col col2\">&#8230;und mit T\u00fcren nach Innen:<br \/>\n<img loading=\"lazy\" decoding=\"async\" src=\"http:\/\/www.komandor-hemer.de\/tl_files\/images\/ecktueren_innen.jpg\" alt=\"\" width=\"450\" height=\"200\" \/><\/article>\n<\/section>\n<p>W\u00e4hlen Sie zwischen verschiedenen Profilsystemen und Materialien f\u00fcr die T\u00fcrfronten.<\/p>\n<p><strong>Weiterf\u00fchrende Links:<br \/>\n<\/strong><a href=\"http:\/\/komandor-dresden.de\/produkte\/dekore-2\/\">T\u00fcrfronten\u00a0I<\/a><br \/>\n<a href=\"http:\/\/komandor-dresden.de\/produkte\/dekore-ii\/\">T\u00fcrfronten II<\/a><br \/>\n<a href=\"http:\/\/komandor-dresden.de\/produkte\/profile\/\">Profilsysteme<\/a><\/p>\n","protected":false},"excerpt":{"rendered":"<p>Eckl\u00f6sungen Sie m\u00f6chten mit einem Raum-im-Raum-Konzept Ihren Raum neu definieren. Daf\u00fcr bieten wir zwei L\u00f6sungen. W\u00e4hlen Sie zwischen verschiedenen Profilsystemen und Materialien f\u00fcr die T\u00fcrfronten. Weiterf\u00fchrende Links: T\u00fcrfronten\u00a0I T\u00fcrfronten II Profilsysteme<\/p>\n","protected":false},"author":1,"featured_media":0,"parent":33,"menu_order":3,"comment_status":"closed","ping_status":"closed","template":"","meta":{"footnotes":""},"class_list":["post-70","page","type-page","status-publish","hentry"],"_links":{"self":[{"href":"http:\/\/komandor-dresden.de\/index.php?rest_route=\/wp\/v2\/pages\/70","targetHints":{"allow":["GET"]}}],"collection":[{"href":"http:\/\/komandor-dresden.de\/index.php?rest_route=\/wp\/v2\/pages"}],"about":[{"href":"http:\/\/komandor-dresden.de\/index.php?rest_route=\/wp\/v2\/types\/page"}],"author":[{"embeddable":true,"href":"http:\/\/komandor-dresden.de\/index.php?rest_route=\/wp\/v2\/users\/1"}],"replies":[{"embeddable":true,"href":"http:\/\/komandor-dresden.de\/index.php?rest_route=%2Fwp%2Fv2%2Fcomments&post=70"}],"version-history":[{"count":10,"href":"http:\/\/komandor-dresden.de\/index.php?rest_route=\/wp\/v2\/pages\/70\/revisions"}],"predecessor-version":[{"id":1083,"href":"http:\/\/komandor-dresden.de\/index.php?rest_route=\/wp\/v2\/pages\/70\/revisions\/1083"}],"up":[{"embeddable":true,"href":"http:\/\/komandor-dresden.de\/index.php?rest_route=\/wp\/v2\/pages\/33"}],"wp:attachment":[{"href":"http:\/\/komandor-dresden.de\/index.php?rest_route=%2Fwp%2Fv2%2Fmedia&parent=70"}],"curies":[{"name":"wp","href":"https:\/\/api.w.org\/{rel}","templated":true}]}}